{"id":16879,"date":"2016-10-08T17:17:11","date_gmt":"2016-10-08T15:17:11","guid":{"rendered":"https:\/\/donne4.it\/home-social-activism\/"},"modified":"2024-11-14T06:21:18","modified_gmt":"2024-11-14T05:21:18","slug":"home-social-activism","status":"publish","type":"page","link":"https:\/\/donne4.it\/es\/","title":{"rendered":"Home"},"content":{"rendered":"<div class=\"wpb-content-wrapper\">[vc_row full_width=&#8221;stretch_row_content_no_spaces&#8221; equal_height=&#8221;yes&#8221; content_placement=&#8221;middle&#8221; acw=&#8221;0&#8243; css=&#8221;.vc_custom_1709030374939{margin-right: 0px !important;margin-bottom: 0px !important;border-bottom-width: 5px !important;background-position: center !important;background-repeat: no-repeat !important;background-size: cover !important;border-bottom-color: #f5f5f5 !important;border-bottom-style: solid !important;}&#8221; el_class=&#8221;donne4sliderhome&#8221;][vc_column css=&#8221;.vc_custom_1731082308378{background-image: url(https:\/\/donne4.it\/wp-content\/uploads\/2024\/11\/Progetto-senza-titolo.jpg?id=18714) !important;background-position: center !important;background-repeat: no-repeat !important;background-size: cover !important;}&#8221; el_class=&#8221;backgroundhome&#8221; offset=&#8221;vc_col-lg-8 vc_col-sm-offset-0&#8243;]<div class=\"ult-spacer spacer-69d41401f1719\" data-id=\"69d41401f1719\" data-height=\"650\" data-height-mobile=\"250\" data-height-tab=\"650\" data-height-tab-portrait=\"400\" data-height-mobile-landscape=\"250\" style=\"clear:both;display:block;\"><\/div>[\/vc_column][vc_column css=&#8221;.vc_custom_1709033499877{padding-top: 20px !important;padding-right: 20px !important;padding-bottom: 20px !important;padding-left: 20px !important;background-color: #eb464a !important;}&#8221; offset=&#8221;vc_col-lg-4&#8243; el_class=&#8221;testihomeslider&#8221;][vc_column_text el_class=&#8221;text-white&#8221;]\n<h1 style=\"font-size: 36px; line-height: 38px; font-weight: bold; letter-spacing: 0.01em;\">SUPERANDO LA <span style=\"background: #fff; color: #eb464a;\">BRECHA DE G\u00c9NERO<\/span><\/h1>\n<h3 style=\"margin-top: 20px; font-size: 28px line-height: 32px; letter-spacing: 0.02em;\">GRACIAS A LAS TECNOLOG\u00cdAS DIGITALES<\/h3>\n<h3 style=\"margin-top: 20px; font-size: 28px line-height: 32px; letter-spacing: 0.02em;\"><\/h3>\n[\/vc_column_text]<div class=\" vc_custom_1731561648099 ubtn-ctn-inline \"><a class=\"ubtn-link ult-adjust-bottom-margin ubtn-inline ubtn-custom \" href=\"http:\/\/donne4.it\/es\/manifesto\" target=\"_blank\" rel=\"noopener\" ><button type=\"button\" id=\"ubtn-5449\"  class=\"ubtn ult-adjust-bottom-margin ult-responsive ubtn-custom ubtn-no-hover-bg  none  ubtn-inline   tooltip-69d41401f178b\"  data-hover=\"#eb464a\" data-border-color=\"#ffffff\" data-bg=\"#eb464a\" data-hover-bg=\"#ffffff\" data-border-hover=\"\" data-shadow-hover=\"\" data-shadow-click=\"none\" data-shadow=\"\" data-shd-shadow=\"\"  data-ultimate-target='#ubtn-5449'  data-responsive-json-new='{\"font-size\":\"desktop:16px;\",\"line-height\":\"desktop:24px;\"}'  style=\"font-weight:normal;width:150px;min-height:40px;padding:7px 10px;border-radius:0px;border-width:2px;border-color:#ffffff;border-style:solid;background: #eb464a;color: #ffffff;\"><span class=\"ubtn-data ubtn-icon\"><i class=\"none\" style=\"font-size:16px;color:#eb464a;\"><\/i><\/span><span class=\"ubtn-hover\" style=\"background-color:#ffffff\"><\/span><span class=\"ubtn-data ubtn-text \" >MANIFIESTO<\/span><\/button><\/a><\/div><div class=\" ubtn-ctn-inline \"><a class=\"ubtn-link ult-adjust-bottom-margin ubtn-inline ubtn-custom \" href=\"http:\/\/donne4.it\/es\/diventa-soci\u0259\" target=\"_blank\" rel=\"noopener\" ><button type=\"button\" id=\"ubtn-4103\"  class=\"ubtn ult-adjust-bottom-margin ult-responsive ubtn-custom ubtn-no-hover-bg  none  ubtn-inline   tooltip-69d41401f1870\"  data-hover=\"#ffffff\" data-border-color=\"#ffffff\" data-bg=\"#ffffff\" data-hover-bg=\"#eb464a\" data-border-hover=\"\" data-shadow-hover=\"\" data-shadow-click=\"none\" data-shadow=\"\" data-shd-shadow=\"\"  data-ultimate-target='#ubtn-4103'  data-responsive-json-new='{\"font-size\":\"desktop:16px;\",\"line-height\":\"desktop:24px;\"}'  style=\"font-weight:normal;width:150px;min-height:40px;padding:7px 10px;border-radius:0px;border-width:2px;border-color:#ffffff;border-style:solid;background: #ffffff;color: #eb464a;\"><span class=\"ubtn-data ubtn-icon\"><i class=\"none\" style=\"font-size:16px;color:#eb464a;\"><\/i><\/span><span class=\"ubtn-hover\" style=\"background-color:#eb464a\"><\/span><span class=\"ubtn-data ubtn-text \" >CONVIERTE EN MIEMBRO<\/span><\/button><\/a><\/div><div class=\"ult-spacer spacer-69d41401f18d5\" data-id=\"69d41401f18d5\" data-height=\"50\" data-height-mobile=\"30\" data-height-tab=\"50\" data-height-tab-portrait=\"50\" data-height-mobile-landscape=\"30\" style=\"clear:both;display:block;\"><\/div>[vc_separator color=&#8221;white&#8221;]<div class=\"ult-spacer spacer-69d41401f190b\" data-id=\"69d41401f190b\" data-height=\"10\" data-height-mobile=\"10\" data-height-tab=\"10\" data-height-tab-portrait=\"10\" data-height-mobile-landscape=\"10\" style=\"clear:both;display:block;\"><\/div>[vc_column_text el_class=&#8221;text-white&#8221;]\n<h3 style=\"font-size: 28px line-height: 40px; font-weight: bold; letter-spacing: 0.01em;\"><span style=\"background: #fff; color: #eb464a;\">\u00a0DONA EL 5 X MIL \u00a0<\/span><\/h3>\n<h4 style=\"margin-top: 18px; font-size: 28px line-height: 32px; letter-spacing: 0.02em;\"><strong>C\u00d3DIGO FISCAL: 92141340494<\/strong><\/h4>\n[\/vc_column_text][\/vc_column][\/vc_row][vc_row bg_type=&#8221;image&#8221; parallax_style=&#8221;vcpb-default&#8221; bg_image_new=&#8221;id^3766|url^https:\/\/donne4.it\/wp-content\/uploads\/2016\/10\/home_4_slider_2.jpg|caption^null|alt^Slide|title^home_4_slider_2|description^null&#8221; bg_img_attach=&#8221;fixed&#8221; enable_overlay=&#8221;enable_overlay_value&#8221; overlay_color=&#8221;rgba(255,255,255,0.95)&#8221; css=&#8221;.vc_custom_1476094244414{margin-bottom: 0px !important;}&#8221; el_class=&#8221;mobile-pad&#8221;][vc_column]<div class=\"ult-spacer spacer-69d41401f193c\" data-id=\"69d41401f193c\" data-height=\"70\" data-height-mobile=\"30\" data-height-tab=\"50\" data-height-tab-portrait=\"50\" data-height-mobile-landscape=\"30\" style=\"clear:both;display:block;\"><\/div>[vc_row_inner el_class=&#8221;text-center&#8221;][vc_column_inner width=&#8221;1\/6&#8243;][\/vc_column_inner][vc_column_inner width=&#8221;2\/3&#8243;][vc_column_text css=&#8221;.vc_custom_1709045159222{margin-bottom: 0px !important;}&#8221;]\n<h3 style=\"text-align: center;\">NUESTRA MISI\u00d3N<\/h3>\n[\/vc_column_text][vc_text_separator title=&#8221;&#8221; i_icon_fontawesome=&#8221;fa fa-low-vision&#8221; i_color=&#8221;custom&#8221; color=&#8221;custom&#8221; border_width=&#8221;2&#8243; el_width=&#8221;20&#8243; add_icon=&#8221;true&#8221; i_custom_color=&#8221;#eb464a&#8221; css=&#8221;.vc_custom_1476089620968{margin-top: 5px !important;margin-bottom: 5px !important;}&#8221;][vc_column_text css=&#8221;.vc_custom_1709045169779{margin-top: 0px !important;}&#8221;]Empoderar a las mujeres para enfrentar nuevos desaf\u00edos globales y construir un futuro inclusivo y sostenible con la ayuda de la tecnolog\u00eda.[\/vc_column_text][\/vc_column_inner][vc_column_inner width=&#8221;1\/6&#8243;][\/vc_column_inner][\/vc_row_inner]<div class=\"ult-spacer spacer-69d41401f196a\" data-id=\"69d41401f196a\" data-height=\"50\" data-height-mobile=\"20\" data-height-tab=\"40\" data-height-tab-portrait=\"40\" data-height-mobile-landscape=\"20\" style=\"clear:both;display:block;\"><\/div>[vc_row_inner][vc_column_inner width=&#8221;1\/3&#8243;]<div class=\"aio-icon-component   service-block style_2\"><div id=\"Info-box-wrap-9426\" class=\"aio-icon-box left-icon\" style=\"\"  ><div class=\"aio-icon-left\"><div class=\"ult-just-icon-wrapper  \"><div class=\"align-icon\" style=\"text-align:center;\">\n<div class=\"aio-icon none \" data-animation=\"fadeIn\" data-animation-delay=\"03\" style=\"color:#bbbbbb;font-size:48px;display:inline-block;\">\n\t<i class=\"Defaults-heart-o\"><\/i>\n<\/div><\/div><\/div><\/div><div class=\"aio-ibd-block\"><div class=\"aio-icon-header\" ><h3 class=\"aio-icon-title ult-responsive\"  data-ultimate-target='#Info-box-wrap-9426 .aio-icon-title'  data-responsive-json-new='{\"font-size\":\"desktop:22px;\",\"line-height\":\"\"}'  style=\"\">Solidaridad<\/h3><\/div> <!-- header --><div class=\"aio-icon-description ult-responsive\"  data-ultimate-target='#Info-box-wrap-9426 .aio-icon-description'  data-responsive-json-new='{\"font-size\":\"\",\"line-height\":\"\"}'  style=\"\">Apoyamos las causas de las mujeres para acelerar el cierre de la brecha de g\u00e9nero.<\/div> <!-- description --><\/div> <!-- aio-ibd-block --><\/div> <!-- aio-icon-box --><\/div> <!-- aio-icon-component -->[\/vc_column_inner][vc_column_inner width=&#8221;1\/3&#8243;]<div class=\"aio-icon-component   service-block style_2\"><div id=\"Info-box-wrap-9015\" class=\"aio-icon-box left-icon\" style=\"\"  ><div class=\"aio-icon-left\"><div class=\"ult-just-icon-wrapper  \"><div class=\"align-icon\" style=\"text-align:center;\">\n<div class=\"aio-icon none \" data-animation=\"fadeIn\" data-animation-delay=\"03\" style=\"color:#bbbbbb;font-size:48px;display:inline-block;\">\n\t<i class=\"Defaults-file-text-o\"><\/i>\n<\/div><\/div><\/div><\/div><div class=\"aio-ibd-block\"><div class=\"aio-icon-header\" ><h3 class=\"aio-icon-title ult-responsive\"  data-ultimate-target='#Info-box-wrap-9015 .aio-icon-title'  data-responsive-json-new='{\"font-size\":\"desktop:22px;\",\"line-height\":\"\"}'  style=\"\">Agenda de la ONU 2030<\/h3><\/div> <!-- header --><div class=\"aio-icon-description ult-responsive\"  data-ultimate-target='#Info-box-wrap-9015 .aio-icon-description'  data-responsive-json-new='{\"font-size\":\"\",\"line-height\":\"\"}'  style=\"\">Operamos en concordancia con el quinto objetivo de la Agenda 2030 en materia de <em>equidad de g\u00e9nero<\/em>, desarrollando la conciencia en las mujeres y en la comunidad en general de que las tecnolog\u00edas son impulsores del crecimiento personal y profesional.<\/div> <!-- description --><\/div> <!-- aio-ibd-block --><\/div> <!-- aio-icon-box --><\/div> <!-- aio-icon-component -->[\/vc_column_inner][vc_column_inner width=&#8221;1\/3&#8243;]<div class=\"aio-icon-component   service-block style_2\"><div id=\"Info-box-wrap-9416\" class=\"aio-icon-box left-icon\" style=\"\"  ><div class=\"aio-icon-left\"><div class=\"ult-just-icon-wrapper  \"><div class=\"align-icon\" style=\"text-align:center;\">\n<div class=\"aio-icon none \" data-animation=\"fadeIn\" data-animation-delay=\"03\" style=\"color:#bbbbbb;font-size:48px;display:inline-block;\">\n\t<i class=\"Defaults-edit pencil-square-o\"><\/i>\n<\/div><\/div><\/div><\/div><div class=\"aio-ibd-block\"><div class=\"aio-icon-header\" ><h3 class=\"aio-icon-title ult-responsive\"  data-ultimate-target='#Info-box-wrap-9416 .aio-icon-title'  data-responsive-json-new='{\"font-size\":\"desktop:22px;\",\"line-height\":\"\"}'  style=\"\">Cultura<\/h3><\/div> <!-- header --><div class=\"aio-icon-description ult-responsive\"  data-ultimate-target='#Info-box-wrap-9416 .aio-icon-description'  data-responsive-json-new='{\"font-size\":\"\",\"line-height\":\"\"}'  style=\"\">Colaboramos en la adopci\u00f3n de un modelo cultural inclusivo orientado a la eliminaci\u00f3n de estereotipos de g\u00e9nero.<\/div> <!-- description --><\/div> <!-- aio-ibd-block --><\/div> <!-- aio-icon-box --><\/div> <!-- aio-icon-component -->[\/vc_column_inner][\/vc_row_inner][vc_row_inner][vc_column_inner width=&#8221;1\/3&#8243;]<div class=\"aio-icon-component   service-block style_2\"><div id=\"Info-box-wrap-7213\" class=\"aio-icon-box left-icon\" style=\"\"  ><div class=\"aio-icon-left\"><div class=\"ult-just-icon-wrapper  \"><div class=\"align-icon\" style=\"text-align:center;\">\n<div class=\"aio-icon none \" data-animation=\"fadeIn\" data-animation-delay=\"03\" style=\"color:#bbbbbb;font-size:48px;display:inline-block;\">\n\t<i class=\"Defaults-flag-o\"><\/i>\n<\/div><\/div><\/div><\/div><div class=\"aio-ibd-block\"><div class=\"aio-icon-header\" ><h3 class=\"aio-icon-title ult-responsive\"  data-ultimate-target='#Info-box-wrap-7213 .aio-icon-title'  data-responsive-json-new='{\"font-size\":\"desktop:22px;\",\"line-height\":\"\"}'  style=\"\">Representaci\u00f3n<\/h3><\/div> <!-- header --><div class=\"aio-icon-description ult-responsive\"  data-ultimate-target='#Info-box-wrap-7213 .aio-icon-description'  data-responsive-json-new='{\"font-size\":\"\",\"line-height\":\"\"}'  style=\"\">Somos actores activos con instituciones y organismos supranacionales de todos los niveles en materia de <em>equidad de g\u00e9nero<\/em> y <em>transformaci\u00f3n digital<\/em>.<\/div> <!-- description --><\/div> <!-- aio-ibd-block --><\/div> <!-- aio-icon-box --><\/div> <!-- aio-icon-component -->[\/vc_column_inner][vc_column_inner width=&#8221;1\/3&#8243;]<div class=\"aio-icon-component   service-block style_2\"><div id=\"Info-box-wrap-1342\" class=\"aio-icon-box left-icon\" style=\"\"  ><div class=\"aio-icon-left\"><div class=\"ult-just-icon-wrapper  \"><div class=\"align-icon\" style=\"text-align:center;\">\n<div class=\"aio-icon none \" data-animation=\"fadeIn\" data-animation-delay=\"03\" style=\"color:#bbbbbb;font-size:48px;display:inline-block;\">\n\t<i class=\"Defaults-power-off\"><\/i>\n<\/div><\/div><\/div><\/div><div class=\"aio-ibd-block\"><div class=\"aio-icon-header\" ><h3 class=\"aio-icon-title ult-responsive\"  data-ultimate-target='#Info-box-wrap-1342 .aio-icon-title'  data-responsive-json-new='{\"font-size\":\"desktop:22px;\",\"line-height\":\"\"}'  style=\"\">Formaci\u00f3n<\/h3><\/div> <!-- header --><div class=\"aio-icon-description ult-responsive\"  data-ultimate-target='#Info-box-wrap-1342 .aio-icon-description'  data-responsive-json-new='{\"font-size\":\"\",\"line-height\":\"\"}'  style=\"\">Contribuimos a derribar prejuicios y estereotipos culturales y sociales que impiden a las mujeres acceder a trayectorias educativas y profesionales en el mundo de la <em>tecnolog\u00eda<\/em>, respaldando procesos de <em>liderazgo<\/em> femenino.<\/div> <!-- description --><\/div> <!-- aio-ibd-block --><\/div> <!-- aio-icon-box --><\/div> <!-- aio-icon-component -->[\/vc_column_inner][vc_column_inner width=&#8221;1\/3&#8243;]<div class=\"aio-icon-component   service-block style_2\"><div id=\"Info-box-wrap-5115\" class=\"aio-icon-box left-icon\" style=\"\"  ><div class=\"aio-icon-left\"><div class=\"ult-just-icon-wrapper  \"><div class=\"align-icon\" style=\"text-align:center;\">\n<div class=\"aio-icon none \" data-animation=\"fadeIn\" data-animation-delay=\"03\" style=\"color:#bbbbbb;font-size:48px;display:inline-block;\">\n\t<i class=\"Defaults-dribbble\"><\/i>\n<\/div><\/div><\/div><\/div><div class=\"aio-ibd-block\"><div class=\"aio-icon-header\" ><h3 class=\"aio-icon-title ult-responsive\"  data-ultimate-target='#Info-box-wrap-5115 .aio-icon-title'  data-responsive-json-new='{\"font-size\":\"desktop:22px;\",\"line-height\":\"\"}'  style=\"\">Red<\/h3><\/div> <!-- header --><div class=\"aio-icon-description ult-responsive\"  data-ultimate-target='#Info-box-wrap-5115 .aio-icon-description'  data-responsive-json-new='{\"font-size\":\"\",\"line-height\":\"\"}'  style=\"\">A trav\u00e9s del <em>networking<\/em>, promovemos el <em>empoderamiento<\/em> de las mujeres, respaldando procesos de innovaci\u00f3n que fomentan la cultura de la tecnolog\u00eda y la alfabetizaci\u00f3n digital.<\/div> <!-- description --><\/div> <!-- aio-ibd-block --><\/div> <!-- aio-icon-box --><\/div> <!-- aio-icon-component -->[\/vc_column_inner][\/vc_row_inner]<div class=\"ult-spacer spacer-69d41401f1fa9\" data-id=\"69d41401f1fa9\" data-height=\"70\" data-height-mobile=\"30\" data-height-tab=\"50\" data-height-tab-portrait=\"50\" data-height-mobile-landscape=\"30\" style=\"clear:both;display:block;\"><\/div>[\/vc_column][\/vc_row]\n<\/div>","protected":false},"excerpt":{"rendered":"<p>[vc_row full_width=&#8221;stretch_row_content_no_spaces&#8221; equal_height=&#8221;yes&#8221; content_placement=&#8221;middle&#8221; acw=&#8221;0&#8243; css=&#8221;.vc_custom_1709030374939{margin-right: 0px !important;margin-bottom: 0px !important;border-bottom-width: 5px !important;background-position: center !important;background-repeat: no-repeat !important;background-size: cover !important;border-bottom-color: #f5f5f5 !important;border-bottom-style: solid !important;}&#8221; el_class=&#8221;donne4sliderhome&#8221;][vc_column css=&#8221;.vc_custom_1731082308378{background-image: url(https:\/\/donne4.it\/wp-content\/uploads\/2024\/11\/Progetto-senza-titolo.jpg?id=18714) !important;background-position: center !important;background-repeat: no-repeat !important;background-size: [&hellip;]<\/p>\n","protected":false},"author":6,"featured_media":16880,"parent":0,"menu_order":0,"comment_status":"closed","ping_status":"closed","template":"template-homepage.php","meta":{"pagelayer_contact_templates":[],"_pagelayer_content":"","footnotes":""},"class_list":["post-16879","page","type-page","status-publish","has-post-thumbnail","hentry"],"aioseo_notices":[],"_links":{"self":[{"href":"https:\/\/donne4.it\/es\/wp-json\/wp\/v2\/pages\/16879","targetHints":{"allow":["GET"]}}],"collection":[{"href":"https:\/\/donne4.it\/es\/wp-json\/wp\/v2\/pages"}],"about":[{"href":"https:\/\/donne4.it\/es\/wp-json\/wp\/v2\/types\/page"}],"author":[{"embeddable":true,"href":"https:\/\/donne4.it\/es\/wp-json\/wp\/v2\/users\/6"}],"replies":[{"embeddable":true,"href":"https:\/\/donne4.it\/es\/wp-json\/wp\/v2\/comments?post=16879"}],"version-history":[{"count":0,"href":"https:\/\/donne4.it\/es\/wp-json\/wp\/v2\/pages\/16879\/revisions"}],"wp:featuredmedia":[{"embeddable":true,"href":"https:\/\/donne4.it\/es\/wp-json\/wp\/v2\/media\/16880"}],"wp:attachment":[{"href":"https:\/\/donne4.it\/es\/wp-json\/wp\/v2\/media?parent=16879"}],"curies":[{"name":"wp","href":"https:\/\/api.w.org\/{rel}","templated":true}]}}