{"id":17748,"date":"2023-09-24T21:11:38","date_gmt":"2023-09-24T19:11:38","guid":{"rendered":"https:\/\/donne4.it\/aixwomen\/"},"modified":"2024-02-28T16:48:13","modified_gmt":"2024-02-28T15:48:13","slug":"aixwomen","status":"publish","type":"page","link":"https:\/\/donne4.it\/es\/aixwomen\/","title":{"rendered":"AIxWOMEN"},"content":{"rendered":"<div class=\"wpb-content-wrapper\">[vc_row][vc_column][vc_column_text]\n<h1 class=\"has-vivid-red-color has-text-color\"><strong>AIxWOMEN: Inteligencia Artificial, Mujeres e Inclusi\u00f3n<\/strong><\/h1>\n<p class=\"has-vivid-red-color has-text-color\"><\/p>\n<p>Los d\u00edas 20 y 21 de octubre de 2023 se llevar\u00e1 a cabo el evento organizado por Donne 4.0: AIxWOMEN en el Departamento de Matem\u00e1ticas &#8220;Guido Castelnuovo&#8221; de la Universidad Sapienza de Roma.<\/p>\n<p class=\"has-vivid-red-color has-text-color\"><!-- \/wp:post-content --><\/p>\n<p><!-- wp:paragraph -->Dos d\u00edas dedicados al tema de la Inteligencia Artificial con el objetivo de ilustrar las l\u00edneas de desarrollo y regulaci\u00f3n de la IA (seg\u00fan la primera normativa del Parlamento Europeo \u201d<a href=\"https:\/\/www.europarl.europa.eu\/news\/en\/headlines\/society\/20230601STO93804\/eu-ai-act-first-regulation-on-artificial-intelligence?&amp;at_campaign=20226-Digital&amp;at_medium=Google_Ads&amp;at_platform=Search&amp;at_creation=RSA&amp;at_goal=TR_G&amp;at_advertiser=Webcomm&amp;at_audience=artificial%20intelligence%20act&amp;at_topic=Artificial_intelligence_Act&amp;at_location=IT&amp;gclid=CjwKCAjw_aemBhBLEiwAT98FMu0_6NEi1oVnd42t3eF2vFDyWo04y2TEVrbAXqz2BoGsu4QUB097vhoC0sUQAvD_BwE\">EU AI ACT<\/a>\u201d y el proyecto de la UNESCO \u201c<a href=\"https:\/\/www.unesco.org\/en\/articles\/unesco-launches-women-4-ethical-ai-platform\">Women 4 Ethical AI<\/a>\u201d) junto con las oportunidades y riesgos asociados.<\/p>\n<p class=\"has-vivid-red-color has-text-color\"><!-- \/wp:paragraph --><\/p>\n<p>El viernes 20 de octubre se llevar\u00e1 a cabo la <strong>CONFERENCIA<\/strong> con la participaci\u00f3n de mujeres expertas en IA en diversos sectores.<\/p>\n<p class=\"has-vivid-red-color has-text-color\"><!-- \/wp:paragraph --><\/p>\n<p>El s\u00e1bado 21 de octubre tendr\u00e1 lugar la primera edici\u00f3n del <strong>PROYECTO FORMATIVO AIxWOMEN<\/strong> que permitir\u00e1 a 50 mujeres recibir formaci\u00f3n espec\u00edfica sobre IA y ser\u00e1n acompa\u00f1adas por las profesoras de la Facultad de Donne 4.0, que desde hace dos a\u00f1os son el punto de referencia del proyecto AIxGIRLS, el \u00fanico campamento de verano en Italia dedicado a la IA y a las chicas de las escuelas secundarias.<\/p>\n<p class=\"has-vivid-red-color has-text-color\"><!-- \/wp:paragraph --><\/p>\n<p><strong>El evento es gratuito previa inscripci\u00f3n.<\/strong><\/p>\n<p class=\"has-vivid-red-color has-text-color\"><!-- \/wp:paragraph --><\/p>\n<p>Para participar, reg\u00edstrese de forma gratuita:<\/p>\n<p class=\"has-vivid-red-color has-text-color\"><!-- \/wp:paragraph --><\/p>\n<p><strong>CONFERENCIA 20 de octubre de 2023<\/strong> \u2014\u2014-&gt; <a title=\"ISCRIZIONE QUI\" href=\"https:\/\/www.eventbrite.it\/e\/biglietti-convegno-gratuito-aixwomen-intelligenza-artificiale-donne-e-inclusione-711333767447?aff=odeieiemailshare&amp;utm-source=strongmail&amp;utm-term=checkoutwidget&amp;utm-campaign=social%2Cemail&amp;utm-medium=discovery&amp;utm-content=attendeeshare\" target=\"_blank\" rel=\"noreferrer noopener\">REG\u00cdSTRESE AQU\u00cd<\/a><\/p>\n<p class=\"has-vivid-red-color has-text-color\"><!-- \/wp:paragraph --><\/p>\n<p><!-- wp:paragraph --><strong>PROYECTO DE FORMACI\u00d3N 21 de octubre de 2023<\/strong> \u2014\u2014\u2013&gt; <a title=\"ISCRIZIONE QUI\" href=\"https:\/\/www.eventbrite.it\/e\/biglietti-progetto-aixwomen-formazione-in-aula-gratuito-sullai-per-50-donne-711346294917?aff=odeieiemailshare&amp;utm-sou\" target=\"_blank\" rel=\"noopener\">REG\u00cdSTRESE AQU\u00cd<\/a><\/p>\n<p class=\"has-vivid-red-color has-text-color\"><!-- \/wp:paragraph --><\/p>\n<p>Visite el sitio web <a title=\"www.aixwomen.it \" href=\"http:\/\/www.aixwomen.it\" target=\"_blank\" rel=\"noreferrer noopener\">www.aixwomen.it<\/a> para obtener toda la informaci\u00f3n.<\/p>\n<p class=\"has-vivid-red-color has-text-color\"><!-- \/wp:paragraph --><\/p>\n<!-- wp:image {\"id\":15527,\"sizeSlug\":\"large\",\"linkDestination\":\"custom\"} -->\n<figure class=\"wp-block-image size-large\"><a href=\"https:\/\/aixwomen.it\/\" target=\"_blank\" rel=\"noopener\"><img decoding=\"async\" class=\"alignnone wp-image-15527\" src=\"https:\/\/donne4.it\/wp-content\/uploads\/2023\/09\/Locandina-Assemblea-AIxWOMEN-16-1-724x1024.png\" alt=\"\" width=\"724\" height=\"1024\" srcset=\"https:\/\/donne4.it\/wp-content\/uploads\/2023\/09\/Locandina-Assemblea-AIxWOMEN-16-1-724x1024.png 724w, https:\/\/donne4.it\/wp-content\/uploads\/2023\/09\/Locandina-Assemblea-AIxWOMEN-16-1-212x300.png 212w, https:\/\/donne4.it\/wp-content\/uploads\/2023\/09\/Locandina-Assemblea-AIxWOMEN-16-1-768x1086.png 768w, https:\/\/donne4.it\/wp-content\/uploads\/2023\/09\/Locandina-Assemblea-AIxWOMEN-16-1-1086x1536.png 1086w, https:\/\/donne4.it\/wp-content\/uploads\/2023\/09\/Locandina-Assemblea-AIxWOMEN-16-1-304x430.png 304w, https:\/\/donne4.it\/wp-content\/uploads\/2023\/09\/Locandina-Assemblea-AIxWOMEN-16-1-600x849.png 600w, https:\/\/donne4.it\/wp-content\/uploads\/2023\/09\/Locandina-Assemblea-AIxWOMEN-16-1.png 1414w\" sizes=\"(max-width: 724px) 100vw, 724px\" \/><\/a><\/figure>\n<p class=\"has-vivid-red-color has-text-color\"><!-- \/wp:image --><\/p>\n<p><!-- wp:paragraph --><strong>\u00a0Rassegna stampa<\/strong><\/p>\n<p class=\"has-vivid-red-color has-text-color\"><!-- \/wp:paragraph --><\/p>\n<!-- wp:paragraph --><!-- \/wp:paragraph -->\n<p><!-- wp:paragraph -->23\/10\/23 AskaNews <a href=\"https:\/\/askanews.it\/2023\/10\/23\/aixwomen-confronto-tra-le-donne-che-stanno-costruendo-lintelligenza-artificiale\/\" target=\"_blank\" rel=\"noreferrer noopener\">AIxWOMEN: di\u00e1logo entre las mujeres que construyen la Inteligencia Artificial<\/a><\/p>\n<p class=\"has-vivid-red-color has-text-color\"><!-- \/wp:paragraph --><\/p>\n<p><!-- wp:paragraph -->18\/10\/23 RadioActiva <a title=\"Intelligenza artificiale e inclusione, ecco l\u2019evento AIxWOMEN\" href=\"https:\/\/www.radioactiva.it\/intelligenza-artificiale-e-inclusione-ecco-levento-aixwomen\/\" target=\"_blank\" rel=\"noreferrer noopener\">Inteligencia artificial e inclusi\u00f3n, aqu\u00ed est\u00e1 el evento AIxWOMEN<\/a><\/p>\n<p class=\"has-vivid-red-color has-text-color\"><!-- \/wp:paragraph --><\/p>\n[\/vc_column_text][\/vc_column][\/vc_row]\n<\/div>","protected":false},"excerpt":{"rendered":"<p>[vc_row][vc_column][vc_column_text] AIxWOMEN: Inteligencia Artificial, Mujeres e Inclusi\u00f3n Los d\u00edas 20 y 21 de octubre de 2023 se llevar\u00e1 a cabo el evento organizado por Donne 4.0: AIxWOMEN en el Departamento [&hellip;]<\/p>\n","protected":false},"author":6,"featured_media":0,"parent":0,"menu_order":0,"comment_status":"closed","ping_status":"closed","template":"","meta":{"pagelayer_contact_templates":[],"_pagelayer_content":"","footnotes":""},"class_list":["post-17748","page","type-page","status-publish","hentry"],"aioseo_notices":[],"_links":{"self":[{"href":"https:\/\/donne4.it\/es\/wp-json\/wp\/v2\/pages\/17748","targetHints":{"allow":["GET"]}}],"collection":[{"href":"https:\/\/donne4.it\/es\/wp-json\/wp\/v2\/pages"}],"about":[{"href":"https:\/\/donne4.it\/es\/wp-json\/wp\/v2\/types\/page"}],"author":[{"embeddable":true,"href":"https:\/\/donne4.it\/es\/wp-json\/wp\/v2\/users\/6"}],"replies":[{"embeddable":true,"href":"https:\/\/donne4.it\/es\/wp-json\/wp\/v2\/comments?post=17748"}],"version-history":[{"count":0,"href":"https:\/\/donne4.it\/es\/wp-json\/wp\/v2\/pages\/17748\/revisions"}],"wp:attachment":[{"href":"https:\/\/donne4.it\/es\/wp-json\/wp\/v2\/media?parent=17748"}],"curies":[{"name":"wp","href":"https:\/\/api.w.org\/{rel}","templated":true}]}}