{"id":17770,"date":"2022-08-02T14:24:12","date_gmt":"2022-08-02T12:24:12","guid":{"rendered":"https:\/\/donne4.it\/innovation-village\/"},"modified":"2024-02-28T17:55:52","modified_gmt":"2024-02-28T16:55:52","slug":"innovation-village","status":"publish","type":"page","link":"https:\/\/donne4.it\/es\/innovation-village\/","title":{"rendered":"Innovation Village"},"content":{"rendered":"\n<p><h1>Innovation Village<\/h1> <p>Llega la 8\u00aa edici\u00f3n de <strong>Innovation Village 2023: el 10 y 11 de mayo en N\u00e1pole<\/strong>s en Villa Doria d&#8217;Angri.<\/p><\/p>\n\n\n\n<p>Descubre los detalles y el programa en el <a href=\"https:\/\/innovation-village-2023.sharevent.it\/it-IT\" target=\"_blank\" rel=\"noreferrer noopener\" title=\"sito web di Innovation Village\">sitio web de Innovation Village<\/a>.<\/p>\n\n\n\n<p>Donne 4.0, en colaboraci\u00f3n con Innovation Village, organiza la mesa de trabajo &#8220;Mujeres, Innovaci\u00f3n e Investigaci\u00f3n en Salud&#8221; que se llevar\u00e1 a cabo el <strong>10 de mayo<\/strong> de 14:30 a 16:30 en el Aula Mergellina de Villa Doria d&#8217;Angri. Haz <a href=\"https:\/\/innovation-village-2023.sharevent.it\/it-IT\/sessions\/30857\" target=\"_blank\" rel=\"noreferrer noopener\" title=\"Clicca qui\">clic aqu\u00ed<\/a> para acceder al programa del evento.<\/p>\n\n\n\n<div class=\"wp-block-spacer\" style=\"height: 73px;\" aria-hidden=\"true\">\u00a0<\/div>\n\n\n\n<figure class=\"wp-block-embed is-type-wp-embed is-provider-donne-4-0 wp-block-embed-donne-4-0\"><div class=\"wp-block-embed__wrapper\">\nhttps:\/\/donne4.it\/innovation-village-award\/\n<\/div><\/figure>\n","protected":false},"excerpt":{"rendered":"<p>Innovation Village Llega la 8\u00aa edici\u00f3n de Innovation Village 2023: el 10 y 11 de mayo en N\u00e1poles en Villa Doria d&#8217;Angri. Descubre los detalles y el programa en el [&hellip;]<\/p>\n","protected":false},"author":6,"featured_media":0,"parent":0,"menu_order":0,"comment_status":"closed","ping_status":"closed","template":"","meta":{"pagelayer_contact_templates":[],"_pagelayer_content":"","footnotes":""},"class_list":["post-17770","page","type-page","status-publish","hentry"],"aioseo_notices":[],"_links":{"self":[{"href":"https:\/\/donne4.it\/es\/wp-json\/wp\/v2\/pages\/17770","targetHints":{"allow":["GET"]}}],"collection":[{"href":"https:\/\/donne4.it\/es\/wp-json\/wp\/v2\/pages"}],"about":[{"href":"https:\/\/donne4.it\/es\/wp-json\/wp\/v2\/types\/page"}],"author":[{"embeddable":true,"href":"https:\/\/donne4.it\/es\/wp-json\/wp\/v2\/users\/6"}],"replies":[{"embeddable":true,"href":"https:\/\/donne4.it\/es\/wp-json\/wp\/v2\/comments?post=17770"}],"version-history":[{"count":0,"href":"https:\/\/donne4.it\/es\/wp-json\/wp\/v2\/pages\/17770\/revisions"}],"wp:attachment":[{"href":"https:\/\/donne4.it\/es\/wp-json\/wp\/v2\/media?parent=17770"}],"curies":[{"name":"wp","href":"https:\/\/api.w.org\/{rel}","templated":true}]}}