{"id":17845,"date":"2022-08-02T14:22:45","date_gmt":"2022-08-02T12:22:45","guid":{"rendered":"https:\/\/donne4.it\/startup-her\/"},"modified":"2024-02-29T13:17:18","modified_gmt":"2024-02-29T12:17:18","slug":"startup-her","status":"publish","type":"page","link":"https:\/\/donne4.it\/es\/startup-her\/","title":{"rendered":"Startup Her"},"content":{"rendered":"<div class=\"wpb-content-wrapper\">[vc_row][vc_column][vc_column_text]\n<p><strong>Aqu\u00ed est\u00e1n las 3 ganadoras de StartupHER 2023.<\/strong><\/p>\n\n\n<figure class=\"wp-block-image size-large\"><img decoding=\"async\" width=\"1024\" height=\"577\" class=\"wp-image-15362\" src=\"https:\/\/donne4.it\/wp-content\/uploads\/2023\/07\/Copia-di-Copia-di-Startupher-1024x577.png\" alt=\"\" srcset=\"https:\/\/donne4.it\/wp-content\/uploads\/2023\/07\/Copia-di-Copia-di-Startupher-1024x577.png 1024w, https:\/\/donne4.it\/wp-content\/uploads\/2023\/07\/Copia-di-Copia-di-Startupher-300x169.png 300w, https:\/\/donne4.it\/wp-content\/uploads\/2023\/07\/Copia-di-Copia-di-Startupher-768x433.png 768w, https:\/\/donne4.it\/wp-content\/uploads\/2023\/07\/Copia-di-Copia-di-Startupher-1536x865.png 1536w, https:\/\/donne4.it\/wp-content\/uploads\/2023\/07\/Copia-di-Copia-di-Startupher-763x430.png 763w, https:\/\/donne4.it\/wp-content\/uploads\/2023\/07\/Copia-di-Copia-di-Startupher-600x338.png 600w, https:\/\/donne4.it\/wp-content\/uploads\/2023\/07\/Copia-di-Copia-di-Startupher.png 1640w\" sizes=\"(max-width: 1024px) 100vw, 1024px\" \/><\/figure>\n\n<p>StartupHER es la convocatoria en l\u00ednea para fomentar y fortalecer el emprendimiento digital femenino en nuestro pa\u00eds, con especial atenci\u00f3n a la tecnolog\u00eda y la innovaci\u00f3n financiera.<\/p>\n<!-- \/wp:post-content -->\n<p>Las ganadoras tendr\u00e1n acceso a sesiones de formaci\u00f3n, coaching y mentor\u00eda con profesionales de la innovaci\u00f3n. Las reuniones y clases se llevar\u00e1n a cabo de forma remota, para permitir que todas tengan acceso y hagan realidad sus ideas empresariales.<\/p>\n<!-- \/wp:paragraph -->\n<p>Visita el sitio: <strong><a href=\"http:\/\/www.startupher.it\/\">www.startupher.it<\/a><\/strong><\/p>\n<!-- \/wp:paragraph -->\n<!-- wp:spacer {\"height\":\"25px\"} -->\n<div class=\"wp-block-spacer\" style=\"height: 25px;\" aria-hidden=\"true\">\u00a0<\/div>\n<!-- \/wp:spacer -->\n<!-- wp:embed {\"url\":\"https:\/\/donne4.it\/il-bando-per-startup-al-femminile\/\",\"type\":\"wp-embed\",\"providerNameSlug\":\"donne-4-0\",\"hasCustomCSS\":true} -->\n<figure class=\"wp-block-embed is-type-wp-embed is-provider-donne-4-0 wp-block-embed-donne-4-0\">\n<div class=\"wp-block-embed__wrapper\">https:\/\/donne4.it\/il-bando-per-startup-al-femminile\/<\/div>\n<\/figure>\n<!-- \/wp:embed -->\n<!-- wp:spacer {\"height\":\"65px\"} -->\n<div class=\"wp-block-spacer\" style=\"height: 65px;\" aria-hidden=\"true\">\u00a0<\/div>\n<!-- \/wp:spacer -->\n<p><!-- wp:paragraph -->15\/04\/23 Startup Italia, <a href=\"https:\/\/startupitalia.eu\/196561-20230413-darya-majidi\" target=\"_blank\" rel=\"noreferrer noopener\">\u00abMucho m\u00e1s que un proyecto: una pasi\u00f3n. Les cuento c\u00f3mo naci\u00f3 StartupHER\u00bb. Habla la activista italo-iran\u00ed Darya Majidi.<\/a><\/p>\n<!-- \/wp:paragraph -->\n<p>&nbsp;<\/p>\n[\/vc_column_text][\/vc_column][\/vc_row]\n<\/div>","protected":false},"excerpt":{"rendered":"<p>[vc_row][vc_column][vc_column_text] Aqu\u00ed est\u00e1n las 3 ganadoras de StartupHER 2023. StartupHER es la convocatoria en l\u00ednea para fomentar y fortalecer el emprendimiento digital femenino en nuestro pa\u00eds, con especial atenci\u00f3n a [&hellip;]<\/p>\n","protected":false},"author":6,"featured_media":0,"parent":0,"menu_order":0,"comment_status":"closed","ping_status":"closed","template":"","meta":{"pagelayer_contact_templates":[],"_pagelayer_content":"","footnotes":""},"class_list":["post-17845","page","type-page","status-publish","hentry"],"aioseo_notices":[],"_links":{"self":[{"href":"https:\/\/donne4.it\/es\/wp-json\/wp\/v2\/pages\/17845","targetHints":{"allow":["GET"]}}],"collection":[{"href":"https:\/\/donne4.it\/es\/wp-json\/wp\/v2\/pages"}],"about":[{"href":"https:\/\/donne4.it\/es\/wp-json\/wp\/v2\/types\/page"}],"author":[{"embeddable":true,"href":"https:\/\/donne4.it\/es\/wp-json\/wp\/v2\/users\/6"}],"replies":[{"embeddable":true,"href":"https:\/\/donne4.it\/es\/wp-json\/wp\/v2\/comments?post=17845"}],"version-history":[{"count":0,"href":"https:\/\/donne4.it\/es\/wp-json\/wp\/v2\/pages\/17845\/revisions"}],"wp:attachment":[{"href":"https:\/\/donne4.it\/es\/wp-json\/wp\/v2\/media?parent=17845"}],"curies":[{"name":"wp","href":"https:\/\/api.w.org\/{rel}","templated":true}]}}