{"id":17849,"date":"2024-02-15T21:55:48","date_gmt":"2024-02-15T20:55:48","guid":{"rendered":"https:\/\/donne4.it\/donne-4impact\/"},"modified":"2024-02-29T16:24:43","modified_gmt":"2024-02-29T15:24:43","slug":"donne-4impact","status":"publish","type":"page","link":"https:\/\/donne4.it\/es\/donne-4impact\/","title":{"rendered":"Donne 4Impact"},"content":{"rendered":"<div class=\"wpb-content-wrapper\">[vc_row bg_type=&#8221;image&#8221; parallax_style=&#8221;vcpb-default&#8221; bg_image_new=&#8221;id^4490|url^https:\/\/donne4.it\/wp-content\/uploads\/2021\/09\/fondo-bianco-A4-scaled.jpg|caption^null|alt^null|title^fondo-bianco-A4|description^null&#8221; bg_image_repeat=&#8221;no-repeat&#8221; bg_image_posiiton=&#8221;bottom top&#8221; enable_overlay=&#8221;enable_overlay_value&#8221; overlay_color=&#8221;rgba(10,10,10,0.7)&#8221; overlay_pattern=&#8221;transperant&#8221; css=&#8221;.vc_custom_1631096180117{margin-bottom: 0px !important;}&#8221; el_class=&#8221;mobile-pad&#8221;][vc_column css=&#8221;.vc_custom_1457639811633{padding-right: 0px !important;padding-left: 0px !important;}&#8221;]<div class=\"ult-spacer spacer-69e85700d00d3\" data-id=\"69e85700d00d3\" data-height=\"70\" data-height-mobile=\"30\" data-height-tab=\"50\" data-height-tab-portrait=\"50\" data-height-mobile-landscape=\"30\" style=\"clear:both;display:block;\"><\/div><div class=\"ult-spacer spacer-69e85700d017c\" data-id=\"69e85700d017c\" data-height=\"70\" data-height-mobile=\"30\" data-height-tab=\"50\" data-height-tab-portrait=\"50\" data-height-mobile-landscape=\"30\" style=\"clear:both;display:block;\"><\/div>[\/vc_column][\/vc_row][vc_row el_class=&#8221;mobile-pad&#8221; css=&#8221;.vc_custom_1457639858184{margin-bottom: 0px !important;}&#8221;][vc_column css=&#8221;.vc_custom_1457639830569{padding-right: 0px !important;padding-left: 0px !important;}&#8221;]<div class=\"ult-spacer spacer-69e85700d01ed\" data-id=\"69e85700d01ed\" data-height=\"70\" data-height-mobile=\"30\" data-height-tab=\"50\" data-height-tab-portrait=\"50\" data-height-mobile-landscape=\"30\" style=\"clear:both;display:block;\"><\/div>[vc_row_inner css=&#8221;.vc_custom_1457639878326{margin: 0px !important;padding: 0px !important;}&#8221;][vc_column_inner width=&#8221;1\/6&#8243;][\/vc_column_inner][vc_column_inner width=&#8221;2\/3&#8243;][vc_column_text css=&#8221;.vc_custom_1709220282129{margin-bottom: 10px !important;}&#8221;]\n<h1 style=\"color: #eb464a; text-align: center;\">Donne 4Impact<\/h1>\n<p style=\"text-align: center;\">El evento mensual dedicado a la formaci\u00f3n interna de Donne 4.0, donde las socias comparten sus conocimientos en \u00e1reas espec\u00edficas con otras miembros.<\/p>\n[\/vc_column_text][vc_separator color=&#8221;custom&#8221; style=&#8221;double&#8221; el_width=&#8221;10&#8243; accent_color=&#8221;#eb464a&#8221; css=&#8221;.vc_custom_1454180045574{margin-top: 0px !important;margin-bottom: 0px !important;}&#8221;][vc_column_text css=&#8221;.vc_custom_1630772502461{margin-top: 20px !important;}&#8221;][\/vc_column_text][\/vc_column_inner][vc_column_inner width=&#8221;1\/6&#8243;][\/vc_column_inner][\/vc_row_inner][vc_row_inner css=&#8221;.vc_custom_1457642166919{margin: 0px !important;padding: 0px !important;}&#8221;][vc_column_inner width=&#8221;1\/3&#8243;][vc_single_image image=&#8221;15818&#8243; img_size=&#8221;full&#8221; onclick=&#8221;img_link_large&#8221;][\/vc_column_inner][vc_column_inner width=&#8221;1\/3&#8243;][vc_single_image image=&#8221;15827&#8243; img_size=&#8221;full&#8221; onclick=&#8221;img_link_large&#8221;][\/vc_column_inner][vc_column_inner width=&#8221;1\/3&#8243;][\/vc_column_inner][\/vc_row_inner]<div class=\"ult-spacer spacer-69e85700d0249\" data-id=\"69e85700d0249\" data-height=\"70\" data-height-mobile=\"30\" data-height-tab=\"50\" data-height-tab-portrait=\"50\" data-height-mobile-landscape=\"30\" style=\"clear:both;display:block;\"><\/div>[\/vc_column][\/vc_row][vc_row el_class=&#8221;mobile-pad&#8221; css=&#8221;.vc_custom_1457642321522{margin-bottom: 0px !important;}&#8221;][vc_column css=&#8221;.vc_custom_1457642387034{padding-right: 0px !important;padding-left: 0px !important;}&#8221;]<div class=\"ult-spacer spacer-69e85700d02a2\" data-id=\"69e85700d02a2\" data-height=\"30\" data-height-mobile=\"30\" data-height-tab=\"50\" data-height-tab-portrait=\"50\" data-height-mobile-landscape=\"30\" style=\"clear:both;display:block;\"><\/div><div class=\"ult-spacer spacer-69e85700d030a\" data-id=\"69e85700d030a\" data-height=\"70\" data-height-mobile=\"30\" data-height-tab=\"50\" data-height-tab-portrait=\"50\" data-height-mobile-landscape=\"30\" style=\"clear:both;display:block;\"><\/div>[\/vc_column][\/vc_row]\n<\/div>","protected":false},"excerpt":{"rendered":"<p>[vc_row bg_type=&#8221;image&#8221; parallax_style=&#8221;vcpb-default&#8221; bg_image_new=&#8221;id^4490|url^https:\/\/donne4.it\/wp-content\/uploads\/2021\/09\/fondo-bianco-A4-scaled.jpg|caption^null|alt^null|title^fondo-bianco-A4|description^null&#8221; bg_image_repeat=&#8221;no-repeat&#8221; bg_image_posiiton=&#8221;bottom top&#8221; enable_overlay=&#8221;enable_overlay_value&#8221; overlay_color=&#8221;rgba(10,10,10,0.7)&#8221; overlay_pattern=&#8221;transperant&#8221; css=&#8221;.vc_custom_1631096180117{margin-bottom: 0px !important;}&#8221; el_class=&#8221;mobile-pad&#8221;][vc_column css=&#8221;.vc_custom_1457639811633{padding-right: 0px !important;padding-left: 0px !important;}&#8221;][\/vc_column][\/vc_row][vc_row el_class=&#8221;mobile-pad&#8221; css=&#8221;.vc_custom_1457639858184{margin-bottom: 0px !important;}&#8221;][vc_column css=&#8221;.vc_custom_1457639830569{padding-right: 0px !important;padding-left: 0px !important;}&#8221;][vc_row_inner css=&#8221;.vc_custom_1457639878326{margin: 0px [&hellip;]<\/p>\n","protected":false},"author":6,"featured_media":0,"parent":0,"menu_order":0,"comment_status":"closed","ping_status":"closed","template":"template-homepage.php","meta":{"pagelayer_contact_templates":[],"_pagelayer_content":"","footnotes":""},"class_list":["post-17849","page","type-page","status-publish","hentry"],"aioseo_notices":[],"_links":{"self":[{"href":"https:\/\/donne4.it\/es\/wp-json\/wp\/v2\/pages\/17849","targetHints":{"allow":["GET"]}}],"collection":[{"href":"https:\/\/donne4.it\/es\/wp-json\/wp\/v2\/pages"}],"about":[{"href":"https:\/\/donne4.it\/es\/wp-json\/wp\/v2\/types\/page"}],"author":[{"embeddable":true,"href":"https:\/\/donne4.it\/es\/wp-json\/wp\/v2\/users\/6"}],"replies":[{"embeddable":true,"href":"https:\/\/donne4.it\/es\/wp-json\/wp\/v2\/comments?post=17849"}],"version-history":[{"count":0,"href":"https:\/\/donne4.it\/es\/wp-json\/wp\/v2\/pages\/17849\/revisions"}],"wp:attachment":[{"href":"https:\/\/donne4.it\/es\/wp-json\/wp\/v2\/media?parent=17849"}],"curies":[{"name":"wp","href":"https:\/\/api.w.org\/{rel}","templated":true}]}}