{"id":17886,"date":"2022-09-29T14:31:38","date_gmt":"2022-09-29T12:31:38","guid":{"rendered":"https:\/\/donne4.it\/dicono-di-noi\/interviste\/"},"modified":"2024-02-29T17:16:48","modified_gmt":"2024-02-29T16:16:48","slug":"interviste","status":"publish","type":"page","link":"https:\/\/donne4.it\/es\/dicono-di-noi\/interviste\/","title":{"rendered":"Entrevistas"},"content":{"rendered":"<div class=\"wpb-content-wrapper\">[vc_row bg_type=&#8221;image&#8221; parallax_style=&#8221;vcpb-default&#8221; bg_image_new=&#8221;id^4490|url^https:\/\/donne4.it\/wp-content\/uploads\/2021\/09\/fondo-bianco-A4-scaled.jpg|caption^null|alt^null|title^fondo-bianco-A4|description^null&#8221; bg_image_repeat=&#8221;no-repeat&#8221; bg_image_posiiton=&#8221;center top&#8221; enable_overlay=&#8221;enable_overlay_value&#8221; overlay_color=&#8221;rgba(10,10,10,0.5)&#8221; overlay_pattern=&#8221;transperant&#8221; overlay_pattern_opacity=&#8221;80&#8243; overlay_pattern_attachment=&#8221;fixed&#8221; css=&#8221;.vc_custom_1631185873470{margin-bottom: 0px !important;}&#8221; el_class=&#8221;mobile-pad&#8221;][vc_column css=&#8221;.vc_custom_1457638455440{padding-right: 0px !important;padding-left: 0px !important;}&#8221;]<div class=\"ult-spacer spacer-6a055d58c077f\" data-id=\"6a055d58c077f\" data-height=\"70\" data-height-mobile=\"30\" data-height-tab=\"50\" data-height-tab-portrait=\"50\" data-height-mobile-landscape=\"30\" style=\"clear:both;display:block;\"><\/div><div class=\"ult-spacer spacer-6a055d58c0872\" data-id=\"6a055d58c0872\" data-height=\"70\" data-height-mobile=\"30\" data-height-tab=\"50\" data-height-tab-portrait=\"50\" data-height-mobile-landscape=\"30\" style=\"clear:both;display:block;\"><\/div>[\/vc_column][\/vc_row][vc_row bg_type=&#8221;bg_color&#8221; el_class=&#8221;mobile-pad&#8221; bg_color_value=&#8221;#f9fafb&#8221; css=&#8221;.vc_custom_1457638590050{border-bottom-width: 0px !important;}&#8221;][vc_column css=&#8221;.vc_custom_1457638546642{padding-right: 0px !important;padding-left: 0px !important;}&#8221;]<div class=\"ult-spacer spacer-6a055d58c08f8\" data-id=\"6a055d58c08f8\" data-height=\"70\" data-height-mobile=\"30\" data-height-tab=\"50\" data-height-tab-portrait=\"50\" data-height-mobile-landscape=\"30\" style=\"clear:both;display:block;\"><\/div>[vc_row_inner css=&#8221;.vc_custom_1457638522058{margin: 0px !important;padding: 0px !important;}&#8221;][vc_column_inner width=&#8221;1\/6&#8243;][\/vc_column_inner][vc_column_inner width=&#8221;2\/3&#8243;][vc_column_text css=&#8221;.vc_custom_1709223365759{margin-bottom: 10px !important;}&#8221; el_class=&#8221;text-center&#8221;]\n<h1 style=\"color: #eb464a; text-align: center;\">Entrevistas<\/h1>\n<div id=\"gtx-trans\" style=\"position: absolute; left: 263px; top: -0.5625px;\">\n<div class=\"gtx-trans-icon\"><\/div>\n<\/div>\n[\/vc_column_text][vc_separator color=&#8221;custom&#8221; style=&#8221;double&#8221; el_width=&#8221;10&#8243; accent_color=&#8221;#eb464a&#8221; css=&#8221;.vc_custom_1454169758262{margin-top: 0px !important;margin-bottom: 0px !important;}&#8221;][vc_column_text el_class=&#8221;text-center&#8221; css=&#8221;.vc_custom_1709223375064{margin-top: 20px !important;}&#8221;]\n<p style=\"text-align: center;\"><em>Nuestra voz en la radio, podcasts, televisi\u00f3n y la web: Entrevistas y contribuciones de Donne 4.0<\/em><\/p>\n[\/vc_column_text]<div id=\"ultimate-heading-77576a055d58c09d8\" class=\"uvc-heading ult-adjust-bottom-margin ultimate-heading-77576a055d58c09d8 uvc-539 \" data-hspacer=\"no_spacer\"  data-halign=\"left\" style=\"text-align:left\"><div class=\"uvc-heading-spacer no_spacer\" style=\"top\"><\/div><div class=\"uvc-sub-heading ult-responsive\"  data-ultimate-target='.uvc-heading.ultimate-heading-77576a055d58c09d8 .uvc-sub-heading '  data-responsive-json-new='{\"font-size\":\"\",\"line-height\":\"desktop:32px;\"}'  style=\"font-weight:normal;\">\n<p style=\"text-align: center;\"><iframe loading=\"lazy\" title=\"YouTube video player\" src=\"https:\/\/www.youtube.com\/embed\/1QDMKrJ50To\" width=\"560\" height=\"315\" frameborder=\"0\" allowfullscreen=\"allowfullscreen\"><\/iframe><\/p>\n<\/div><\/div><div id=\"ultimate-heading-13636a055d58c0a9a\" class=\"uvc-heading ult-adjust-bottom-margin ultimate-heading-13636a055d58c0a9a uvc-6663 \" data-hspacer=\"no_spacer\"  data-halign=\"left\" style=\"text-align:left\"><div class=\"uvc-heading-spacer no_spacer\" style=\"top\"><\/div><div class=\"uvc-sub-heading ult-responsive\"  data-ultimate-target='.uvc-heading.ultimate-heading-13636a055d58c0a9a .uvc-sub-heading '  data-responsive-json-new='{\"font-size\":\"\",\"line-height\":\"desktop:32px;\"}'  style=\"font-weight:normal;\"><iframe loading=\"lazy\" style=\"border-radius: 12px;\" src=\"https:\/\/open.spotify.com\/embed\/episode\/6UOil8022bcaGU1hpC4yxM?utm_source=generator\" width=\"100%\" height=\"352\" frameborder=\"0\" allowfullscreen=\"allowfullscreen\"><\/iframe><\/div><\/div><div id=\"ultimate-heading-84556a055d58c0b37\" class=\"uvc-heading ult-adjust-bottom-margin ultimate-heading-84556a055d58c0b37 uvc-1291 \" data-hspacer=\"no_spacer\"  data-halign=\"left\" style=\"text-align:left\"><div class=\"uvc-heading-spacer no_spacer\" style=\"top\"><\/div><div class=\"uvc-main-heading ult-responsive\"  data-ultimate-target='.uvc-heading.ultimate-heading-84556a055d58c0b37 h4'  data-responsive-json-new='{\"font-size\":\"\",\"line-height\":\"\"}' ><h4 style=\"font-weight:bold;margin-top:20px;margin-bottom:12px;\">Euroreportaje - PNRR, fondos europeos enfrentando la prueba de la igualdad de g\u00e9nero por Anna Marino<\/h4><\/div><div class=\"uvc-sub-heading ult-responsive\"  data-ultimate-target='.uvc-heading.ultimate-heading-84556a055d58c0b37 .uvc-sub-heading '  data-responsive-json-new='{\"font-size\":\"\",\"line-height\":\"desktop:32px;\"}'  style=\"font-weight:normal;\">Desde el Plan de Recuperaci\u00f3n hasta el Plan Nacional de Recuperaci\u00f3n y Resiliencia, se ha avanzado en la igualdad de g\u00e9nero<br \/>\n<strong>Radio 24, 18 de junio de 2022<\/strong><\/p>\n<audio class=\"wp-audio-shortcode\" id=\"audio-17886-1\" preload=\"none\" style=\"width: 100%;\" controls=\"controls\"><source type=\"audio\/mpeg\" src=\"https:\/\/donne4.it\/wp-content\/uploads\/2023\/02\/220618-reportage.mp3?_=1\" \/><a href=\"https:\/\/donne4.it\/wp-content\/uploads\/2023\/02\/220618-reportage.mp3\">https:\/\/donne4.it\/wp-content\/uploads\/2023\/02\/220618-reportage.mp3<\/a><\/audio>\n<p>***<\/p>\n<div id=\"gtx-trans\" style=\"position: absolute; left: 83px; top: 86px;\">\n<div class=\"gtx-trans-icon\"><\/div>\n<\/div>\n<\/div><\/div><div id=\"ultimate-heading-66146a055d58c128d\" class=\"uvc-heading ult-adjust-bottom-margin ultimate-heading-66146a055d58c128d uvc-6297 \" data-hspacer=\"no_spacer\"  data-halign=\"left\" style=\"text-align:left\"><div class=\"uvc-heading-spacer no_spacer\" style=\"top\"><\/div><div class=\"uvc-sub-heading ult-responsive\"  data-ultimate-target='.uvc-heading.ultimate-heading-66146a055d58c128d .uvc-sub-heading '  data-responsive-json-new='{\"font-size\":\"\",\"line-height\":\"desktop:32px;\"}'  style=\"font-weight:normal;\"><iframe loading=\"lazy\" style=\"border-radius: 12px;\" src=\"https:\/\/open.spotify.com\/embed\/episode\/1c1Ms1lW1LeCPFCddxXm8J?utm_source=generator\" width=\"100%\" height=\"352\" frameborder=\"0\" allowfullscreen=\"allowfullscreen\"><\/iframe><\/div><\/div><div id=\"ultimate-heading-38666a055d58c134b\" class=\"uvc-heading ult-adjust-bottom-margin ultimate-heading-38666a055d58c134b uvc-945 \" data-hspacer=\"no_spacer\"  data-halign=\"left\" style=\"text-align:left\"><div class=\"uvc-heading-spacer no_spacer\" style=\"top\"><\/div><div class=\"uvc-sub-heading ult-responsive\"  data-ultimate-target='.uvc-heading.ultimate-heading-38666a055d58c134b .uvc-sub-heading '  data-responsive-json-new='{\"font-size\":\"\",\"line-height\":\"desktop:32px;\"}'  style=\"font-weight:normal;\"><iframe loading=\"lazy\" style=\"border-radius: 12px;\" src=\"https:\/\/open.spotify.com\/embed\/episode\/4I0i5MjbKeErbccuF3dmtz?utm_source=generator\" width=\"100%\" height=\"352\" frameborder=\"0\" allowfullscreen=\"allowfullscreen\"><\/iframe><\/div><\/div><div id=\"ultimate-heading-36066a055d58c13fc\" class=\"uvc-heading ult-adjust-bottom-margin ultimate-heading-36066a055d58c13fc uvc-9360 \" data-hspacer=\"no_spacer\"  data-halign=\"left\" style=\"text-align:left\"><div class=\"uvc-heading-spacer no_spacer\" style=\"top\"><\/div><div class=\"uvc-sub-heading ult-responsive\"  data-ultimate-target='.uvc-heading.ultimate-heading-36066a055d58c13fc .uvc-sub-heading '  data-responsive-json-new='{\"font-size\":\"\",\"line-height\":\"desktop:32px;\"}'  style=\"font-weight:normal;\"><iframe loading=\"lazy\" style=\"border-radius: 12px;\" src=\"https:\/\/open.spotify.com\/embed\/episode\/4XYRrlvfLDeMT3cZto8lMQ?utm_source=generator\" width=\"100%\" height=\"352\" frameborder=\"0\" allowfullscreen=\"allowfullscreen\"><\/iframe><\/div><\/div><div id=\"ultimate-heading-43186a055d58c14a8\" class=\"uvc-heading ult-adjust-bottom-margin ultimate-heading-43186a055d58c14a8 uvc-8919 \" data-hspacer=\"no_spacer\"  data-halign=\"left\" style=\"text-align:left\"><div class=\"uvc-heading-spacer no_spacer\" style=\"top\"><\/div><div class=\"uvc-sub-heading ult-responsive\"  data-ultimate-target='.uvc-heading.ultimate-heading-43186a055d58c14a8 .uvc-sub-heading '  data-responsive-json-new='{\"font-size\":\"\",\"line-height\":\"desktop:32px;\"}'  style=\"font-weight:normal;\">\n<p style=\"text-align: center;\"><iframe loading=\"lazy\" src=\"https:\/\/www.lastampa.it\/embed\/spettacoli\/tv\/2019\/12\/02\/video\/darya_majidi_racconta_il_digital_gender_gap_litalia_e_al_70_posto_per_la_parita_di_genere_-88528\/\" width=\"640\" height=\"360\" frameborder=\"0\" scrolling=\"no\"><\/iframe><\/p>\n<\/div><\/div><div id=\"ultimate-heading-67176a055d58c1539\" class=\"uvc-heading ult-adjust-bottom-margin ultimate-heading-67176a055d58c1539 uvc-292 \" data-hspacer=\"no_spacer\"  data-halign=\"left\" style=\"text-align:left\"><div class=\"uvc-heading-spacer no_spacer\" style=\"top\"><\/div><div class=\"uvc-sub-heading ult-responsive\"  data-ultimate-target='.uvc-heading.ultimate-heading-67176a055d58c1539 .uvc-sub-heading '  data-responsive-json-new='{\"font-size\":\"\",\"line-height\":\"desktop:32px;\"}'  style=\"font-weight:normal;\">\n<p style=\"text-align: center;\"><iframe loading=\"lazy\" title=\"YouTube video player\" src=\"https:\/\/www.youtube.com\/embed\/zsyLavwHQ40\" width=\"560\" height=\"315\" frameborder=\"0\" allowfullscreen=\"allowfullscreen\"><\/iframe><\/p>\n<\/div><\/div><div id=\"ultimate-heading-72026a055d58c15f7\" class=\"uvc-heading ult-adjust-bottom-margin ultimate-heading-72026a055d58c15f7 uvc-5676 \" data-hspacer=\"no_spacer\"  data-halign=\"left\" style=\"text-align:left\"><div class=\"uvc-heading-spacer no_spacer\" style=\"top\"><\/div><div class=\"uvc-sub-heading ult-responsive\"  data-ultimate-target='.uvc-heading.ultimate-heading-72026a055d58c15f7 .uvc-sub-heading '  data-responsive-json-new='{\"font-size\":\"\",\"line-height\":\"desktop:32px;\"}'  style=\"font-weight:normal;\">\n<p style=\"text-align: center;\"><iframe loading=\"lazy\" title=\"YouTube video player\" src=\"https:\/\/www.youtube.com\/embed\/QHTOytgSQ7Y\" width=\"560\" height=\"315\" frameborder=\"0\" allowfullscreen=\"allowfullscreen\"><\/iframe><\/p>\n<\/div><\/div>[\/vc_column_inner][vc_column_inner width=&#8221;1\/6&#8243;][\/vc_column_inner][\/vc_row_inner]<div class=\"ult-spacer spacer-6a055d58c167f\" data-id=\"6a055d58c167f\" data-height=\"70\" data-height-mobile=\"30\" data-height-tab=\"50\" data-height-tab-portrait=\"50\" data-height-mobile-landscape=\"30\" style=\"clear:both;display:block;\"><\/div>[\/vc_column][\/vc_row][vc_row][vc_column][\/vc_column][\/vc_row]\n<\/div>","protected":false},"excerpt":{"rendered":"<p>[vc_row bg_type=&#8221;image&#8221; parallax_style=&#8221;vcpb-default&#8221; bg_image_new=&#8221;id^4490|url^https:\/\/donne4.it\/wp-content\/uploads\/2021\/09\/fondo-bianco-A4-scaled.jpg|caption^null|alt^null|title^fondo-bianco-A4|description^null&#8221; bg_image_repeat=&#8221;no-repeat&#8221; bg_image_posiiton=&#8221;center top&#8221; enable_overlay=&#8221;enable_overlay_value&#8221; overlay_color=&#8221;rgba(10,10,10,0.5)&#8221; overlay_pattern=&#8221;transperant&#8221; overlay_pattern_opacity=&#8221;80&#8243; overlay_pattern_attachment=&#8221;fixed&#8221; css=&#8221;.vc_custom_1631185873470{margin-bottom: 0px !important;}&#8221; el_class=&#8221;mobile-pad&#8221;][vc_column css=&#8221;.vc_custom_1457638455440{padding-right: 0px !important;padding-left: 0px !important;}&#8221;][\/vc_column][\/vc_row][vc_row bg_type=&#8221;bg_color&#8221; el_class=&#8221;mobile-pad&#8221; bg_color_value=&#8221;#f9fafb&#8221; css=&#8221;.vc_custom_1457638590050{border-bottom-width: 0px !important;}&#8221;][vc_column css=&#8221;.vc_custom_1457638546642{padding-right: 0px !important;padding-left: [&hellip;]<\/p>\n","protected":false},"author":6,"featured_media":0,"parent":17869,"menu_order":0,"comment_status":"closed","ping_status":"closed","template":"template-homepage.php","meta":{"pagelayer_contact_templates":[],"_pagelayer_content":"","footnotes":""},"class_list":["post-17886","page","type-page","status-publish","hentry"],"aioseo_notices":[],"_links":{"self":[{"href":"https:\/\/donne4.it\/es\/wp-json\/wp\/v2\/pages\/17886","targetHints":{"allow":["GET"]}}],"collection":[{"href":"https:\/\/donne4.it\/es\/wp-json\/wp\/v2\/pages"}],"about":[{"href":"https:\/\/donne4.it\/es\/wp-json\/wp\/v2\/types\/page"}],"author":[{"embeddable":true,"href":"https:\/\/donne4.it\/es\/wp-json\/wp\/v2\/users\/6"}],"replies":[{"embeddable":true,"href":"https:\/\/donne4.it\/es\/wp-json\/wp\/v2\/comments?post=17886"}],"version-history":[{"count":0,"href":"https:\/\/donne4.it\/es\/wp-json\/wp\/v2\/pages\/17886\/revisions"}],"up":[{"embeddable":true,"href":"https:\/\/donne4.it\/es\/wp-json\/wp\/v2\/pages\/17869"}],"wp:attachment":[{"href":"https:\/\/donne4.it\/es\/wp-json\/wp\/v2\/media?parent=17886"}],"curies":[{"name":"wp","href":"https:\/\/api.w.org\/{rel}","templated":true}]}}