{"id":17891,"date":"2015-07-09T18:47:49","date_gmt":"2015-07-09T16:47:49","guid":{"rendered":"https:\/\/donne4.it\/contatti\/"},"modified":"2024-11-08T17:03:40","modified_gmt":"2024-11-08T16:03:40","slug":"contatti","status":"publish","type":"page","link":"https:\/\/donne4.it\/es\/contatti\/","title":{"rendered":"Contactos"},"content":{"rendered":"<div class=\"wpb-content-wrapper\">[vc_row bg_type=&#8221;image&#8221; parallax_style=&#8221;vcpb-default&#8221; bg_image_new=&#8221;1816|http:\/\/greenassociatesaccountants.com\/dynamism\/wp-content\/uploads\/2015\/09\/s2bg.jpg&#8221; bg_image_repeat=&#8221;no-repeat&#8221; bg_image_size=&#8221;contain&#8221; bg_image_posiiton=&#8221;center top&#8221; enable_overlay=&#8221;enable_overlay_value&#8221; overlay_color=&#8221;rgba(10,10,10,0.7)&#8221; css=&#8221;.vc_custom_1457639201694{margin-bottom: 0px !important;}&#8221; el_class=&#8221;mobile-pad&#8221;][vc_column css=&#8221;.vc_custom_1457639223315{padding-right: 0px !important;padding-left: 0px !important;}&#8221;]<div class=\"ult-spacer spacer-69e1ffb19cb72\" data-id=\"69e1ffb19cb72\" data-height=\"70\" data-height-mobile=\"30\" data-height-tab=\"50\" data-height-tab-portrait=\"50\" data-height-mobile-landscape=\"30\" style=\"clear:both;display:block;\"><\/div><div class=\"ult-spacer spacer-69e1ffb19cbdb\" data-id=\"69e1ffb19cbdb\" data-height=\"70\" data-height-mobile=\"30\" data-height-tab=\"50\" data-height-tab-portrait=\"50\" data-height-mobile-landscape=\"30\" style=\"clear:both;display:block;\"><\/div>[\/vc_column][\/vc_row][vc_row enable_overlay=&#8221;enable_overlay_value&#8221; overlay_color=&#8221;rgba(10,10,10,0.7)&#8221; css=&#8221;.vc_custom_1457639290035{margin-bottom: 0px !important;}&#8221; el_class=&#8221;mobile-pad&#8221;][vc_column css=&#8221;.vc_custom_1457639223315{padding-right: 0px !important;padding-left: 0px !important;}&#8221;]<div class=\"ult-spacer spacer-69e1ffb19cc15\" data-id=\"69e1ffb19cc15\" data-height=\"70\" data-height-mobile=\"30\" data-height-tab=\"50\" data-height-tab-portrait=\"50\" data-height-mobile-landscape=\"30\" style=\"clear:both;display:block;\"><\/div>[vc_row_inner][vc_column_inner width=&#8221;1\/4&#8243;][\/vc_column_inner][vc_column_inner width=&#8221;1\/2&#8243;]<div id=\"ultimate-heading-189469e1ffb19cc6b\" class=\"uvc-heading ult-adjust-bottom-margin ultimate-heading-189469e1ffb19cc6b uvc-9909 \" data-hspacer=\"line_only\"  data-halign=\"left\" style=\"text-align:left\"><div class=\"uvc-main-heading ult-responsive\"  data-ultimate-target='.uvc-heading.ultimate-heading-189469e1ffb19cc6b h3'  data-responsive-json-new='{\"font-size\":\"\",\"line-height\":\"\"}' ><h3 style=\"font-weight:normal;\">Contactos<\/h3><\/div><div class=\"uvc-heading-spacer line_only\" style=\"margin-top:12px;margin-bottom:12px;height:3px;\"><span class=\"uvc-headings-line\" style=\"border-style:solid;border-bottom-width:3px;border-color:#eb464a;width:36px;\"><\/span><\/div><div class=\"uvc-sub-heading ult-responsive\"  data-ultimate-target='.uvc-heading.ultimate-heading-189469e1ffb19cc6b .uvc-sub-heading '  data-responsive-json-new='{\"font-size\":\"\",\"line-height\":\"\"}'  style=\"font-weight:normal;margin-bottom:24px;\">A continuaci\u00f3n, encontrar\u00e1s los contactos de los miembros de la junta directiva. Si\u00e9ntete libre de hacernos cualquier pregunta; la persona m\u00e1s indicada te escribir\u00e1 (o te llamar\u00e1, si as\u00ed lo prefieres) en breve.<\/div><\/div><div id=\"ultimate-heading-511669e1ffb19cd11\" class=\"uvc-heading ult-adjust-bottom-margin ultimate-heading-511669e1ffb19cd11 uvc-1589 \" data-hspacer=\"line_only\"  data-halign=\"left\" style=\"text-align:left\"><div class=\"uvc-main-heading ult-responsive\"  data-ultimate-target='.uvc-heading.ultimate-heading-511669e1ffb19cd11 h5'  data-responsive-json-new='{\"font-size\":\"\",\"line-height\":\"\"}' ><h5 style=\"font-weight:bold;color:#eb464a;margin-top:24px;margin-bottom:12px;\">Presidente<\/h5><\/div><div class=\"uvc-heading-spacer line_only\" style=\"topheight:3px;\"><span class=\"uvc-headings-line\" style=\"border-style:solid;border-bottom-width:3px;border-color:#ffffff;width:50px;\"><\/span><\/div><div class=\"uvc-sub-heading ult-responsive\"  data-ultimate-target='.uvc-heading.ultimate-heading-511669e1ffb19cd11 .uvc-sub-heading '  data-responsive-json-new='{\"font-size\":\"\",\"line-height\":\"\"}'  style=\"font-weight:normal;\"><strong>Roberta Russo<br \/>\n<\/strong><\/p>\n<p>Email: <a href=\"mailto:presidente@donne4.it\" target=\"_blank\" rel=\"noopener\">presidente@donne4.it<\/a><\/p>\n<p>Pec: donne4[@]pec.it<\/p>\n<div id=\"gtx-trans\" style=\"position: absolute; left: -17px; top: 30px;\">\n<div class=\"gtx-trans-icon\"><\/div>\n<\/div>\n<\/div><\/div><div id=\"ultimate-heading-583269e1ffb19cd9d\" class=\"uvc-heading ult-adjust-bottom-margin ultimate-heading-583269e1ffb19cd9d uvc-190 \" data-hspacer=\"line_only\"  data-halign=\"left\" style=\"text-align:left\"><div class=\"uvc-main-heading ult-responsive\"  data-ultimate-target='.uvc-heading.ultimate-heading-583269e1ffb19cd9d h5'  data-responsive-json-new='{\"font-size\":\"\",\"line-height\":\"\"}' ><h5 style=\"font-weight:bold;color:#eb464a;margin-top:24px;margin-bottom:12px;\">Vicepresidente<\/h5><\/div><div class=\"uvc-heading-spacer line_only\" style=\"topheight:3px;\"><span class=\"uvc-headings-line\" style=\"border-style:solid;border-bottom-width:3px;border-color:#ffffff;width:50px;\"><\/span><\/div><div class=\"uvc-sub-heading ult-responsive\"  data-ultimate-target='.uvc-heading.ultimate-heading-583269e1ffb19cd9d .uvc-sub-heading '  data-responsive-json-new='{\"font-size\":\"\",\"line-height\":\"\"}'  style=\"font-weight:normal;\"><strong>Patrizia Palazzi<\/strong><\/p>\n<p>Email: <a href=\"mailto:soci@donne4.it\">soci@donne4.it<\/a><\/p>\n<div id=\"gtx-trans\" style=\"position: absolute; left: -28px; top: 30px;\">\n<div class=\"gtx-trans-icon\"><\/div>\n<\/div>\n<\/div><\/div>[\/vc_column_inner][vc_column_inner width=&#8221;1\/4&#8243;][\/vc_column_inner][\/vc_row_inner]<div class=\"ult-spacer spacer-69e1ffb19ce1d\" data-id=\"69e1ffb19ce1d\" data-height=\"70\" data-height-mobile=\"30\" data-height-tab=\"50\" data-height-tab-portrait=\"50\" data-height-mobile-landscape=\"30\" style=\"clear:both;display:block;\"><\/div>[\/vc_column][\/vc_row]\n<\/div>","protected":false},"excerpt":{"rendered":"<p>[vc_row bg_type=&#8221;image&#8221; parallax_style=&#8221;vcpb-default&#8221; bg_image_new=&#8221;1816|http:\/\/greenassociatesaccountants.com\/dynamism\/wp-content\/uploads\/2015\/09\/s2bg.jpg&#8221; bg_image_repeat=&#8221;no-repeat&#8221; bg_image_size=&#8221;contain&#8221; bg_image_posiiton=&#8221;center top&#8221; enable_overlay=&#8221;enable_overlay_value&#8221; overlay_color=&#8221;rgba(10,10,10,0.7)&#8221; css=&#8221;.vc_custom_1457639201694{margin-bottom: 0px !important;}&#8221; el_class=&#8221;mobile-pad&#8221;][vc_column css=&#8221;.vc_custom_1457639223315{padding-right: 0px !important;padding-left: 0px !important;}&#8221;][\/vc_column][\/vc_row][vc_row enable_overlay=&#8221;enable_overlay_value&#8221; overlay_color=&#8221;rgba(10,10,10,0.7)&#8221; css=&#8221;.vc_custom_1457639290035{margin-bottom: 0px !important;}&#8221; el_class=&#8221;mobile-pad&#8221;][vc_column css=&#8221;.vc_custom_1457639223315{padding-right: 0px !important;padding-left: 0px !important;}&#8221;][vc_row_inner][vc_column_inner [&hellip;]<\/p>\n","protected":false},"author":6,"featured_media":0,"parent":0,"menu_order":0,"comment_status":"closed","ping_status":"closed","template":"template-homepage.php","meta":{"pagelayer_contact_templates":[],"_pagelayer_content":"","footnotes":""},"class_list":["post-17891","page","type-page","status-publish","hentry"],"aioseo_notices":[],"_links":{"self":[{"href":"https:\/\/donne4.it\/es\/wp-json\/wp\/v2\/pages\/17891","targetHints":{"allow":["GET"]}}],"collection":[{"href":"https:\/\/donne4.it\/es\/wp-json\/wp\/v2\/pages"}],"about":[{"href":"https:\/\/donne4.it\/es\/wp-json\/wp\/v2\/types\/page"}],"author":[{"embeddable":true,"href":"https:\/\/donne4.it\/es\/wp-json\/wp\/v2\/users\/6"}],"replies":[{"embeddable":true,"href":"https:\/\/donne4.it\/es\/wp-json\/wp\/v2\/comments?post=17891"}],"version-history":[{"count":0,"href":"https:\/\/donne4.it\/es\/wp-json\/wp\/v2\/pages\/17891\/revisions"}],"wp:attachment":[{"href":"https:\/\/donne4.it\/es\/wp-json\/wp\/v2\/media?parent=17891"}],"curies":[{"name":"wp","href":"https:\/\/api.w.org\/{rel}","templated":true}]}}