{"id":17900,"date":"2021-10-05T18:49:12","date_gmt":"2021-10-05T16:49:12","guid":{"rendered":"https:\/\/donne4.it\/diventa-soci%c9%99\/"},"modified":"2024-11-08T17:05:51","modified_gmt":"2024-11-08T16:05:51","slug":"diventa-soci%c9%99","status":"publish","type":"page","link":"https:\/\/donne4.it\/es\/diventa-soci%c9%99\/","title":{"rendered":"Convi\u00e9rtete en socia"},"content":{"rendered":"<div class=\"wpb-content-wrapper\">[vc_row bg_type=&#8221;image&#8221; parallax_style=&#8221;vcpb-default&#8221; bg_image_new=&#8221;id^4490|url^https:\/\/donne4.it\/wp-content\/uploads\/2021\/09\/fondo-bianco-A4-scaled.jpg|caption^null|alt^null|title^fondo-bianco-A4|description^null&#8221; bg_image_repeat=&#8221;no-repeat&#8221; bg_image_size=&#8221;initial&#8221; bg_image_posiiton=&#8221;35% -100px&#8221; enable_overlay=&#8221;enable_overlay_value&#8221; overlay_color=&#8221;rgba(255,255,255,0.3)&#8221; css=&#8221;.vc_custom_1633451794277{margin-bottom: 0px !important;background-color: #ffffff !important;}&#8221; el_class=&#8221;mobile-pad&#8221;][vc_column width=&#8221;1\/4&#8243; css=&#8221;.vc_custom_1457642802620{padding-right: 0px !important;padding-left: 0px !important;}&#8221;][\/vc_column][vc_column width=&#8221;1\/2&#8243;]<div class=\"ult-spacer spacer-69e03287f3647\" data-id=\"69e03287f3647\" data-height=\"250\" data-height-mobile=\"30\" data-height-tab=\"50\" data-height-tab-portrait=\"50\" data-height-mobile-landscape=\"30\" style=\"clear:both;display:block;\"><\/div>[vc_column_text]\n<p class=\"p1\">La solicitud de membres\u00eda como miembros ordinarios debe completarse en su totalidad y enviarse al correo electr\u00f3nico <a href=\"mailto:soci@donne4.it\">soci@donne4.it<\/a> Una vez recibida la solicitud, la junta directiva revisar\u00e1 y aprobar\u00e1 la admisi\u00f3n, formalizando la membres\u00eda tras el pago de la cuota anual de membres\u00eda de \u20ac50 para mayores de 40 a\u00f1os, \u20ac30 para menores de 40 hasta los 25, y <strong>\u20ac10 para menores de 25<\/strong>. Descarga el\u00a0<a href=\"https:\/\/donne4.it\/wp-content\/uploads\/2024\/11\/doc-iscrizione-spagnolo.pdf\" target=\"_blank\" rel=\"noopener\">formulario de inscripci\u00f3n<\/a>.<\/p>\n<div id=\"gtx-trans\" style=\"position: absolute; left: 511px; top: 86px;\">\n<div class=\"gtx-trans-icon\"><\/div>\n<\/div>\n[\/vc_column_text][vc_single_image image=&#8221;13403&#8243; img_size=&#8221;full&#8221;][\/vc_column][vc_column width=&#8221;1\/4&#8243;][\/vc_column][\/vc_row][vc_row][vc_column][\/vc_column][\/vc_row]\n<\/div>","protected":false},"excerpt":{"rendered":"<p>[vc_row bg_type=&#8221;image&#8221; parallax_style=&#8221;vcpb-default&#8221; bg_image_new=&#8221;id^4490|url^https:\/\/donne4.it\/wp-content\/uploads\/2021\/09\/fondo-bianco-A4-scaled.jpg|caption^null|alt^null|title^fondo-bianco-A4|description^null&#8221; bg_image_repeat=&#8221;no-repeat&#8221; bg_image_size=&#8221;initial&#8221; bg_image_posiiton=&#8221;35% -100px&#8221; enable_overlay=&#8221;enable_overlay_value&#8221; overlay_color=&#8221;rgba(255,255,255,0.3)&#8221; css=&#8221;.vc_custom_1633451794277{margin-bottom: 0px !important;background-color: #ffffff !important;}&#8221; el_class=&#8221;mobile-pad&#8221;][vc_column width=&#8221;1\/4&#8243; css=&#8221;.vc_custom_1457642802620{padding-right: 0px !important;padding-left: 0px !important;}&#8221;][\/vc_column][vc_column width=&#8221;1\/2&#8243;][vc_column_text] La solicitud de membres\u00eda como miembros ordinarios [&hellip;]<\/p>\n","protected":false},"author":6,"featured_media":0,"parent":0,"menu_order":0,"comment_status":"closed","ping_status":"closed","template":"template-homepage.php","meta":{"pagelayer_contact_templates":[],"_pagelayer_content":"","footnotes":""},"class_list":["post-17900","page","type-page","status-publish","hentry"],"aioseo_notices":[],"_links":{"self":[{"href":"https:\/\/donne4.it\/es\/wp-json\/wp\/v2\/pages\/17900","targetHints":{"allow":["GET"]}}],"collection":[{"href":"https:\/\/donne4.it\/es\/wp-json\/wp\/v2\/pages"}],"about":[{"href":"https:\/\/donne4.it\/es\/wp-json\/wp\/v2\/types\/page"}],"author":[{"embeddable":true,"href":"https:\/\/donne4.it\/es\/wp-json\/wp\/v2\/users\/6"}],"replies":[{"embeddable":true,"href":"https:\/\/donne4.it\/es\/wp-json\/wp\/v2\/comments?post=17900"}],"version-history":[{"count":0,"href":"https:\/\/donne4.it\/es\/wp-json\/wp\/v2\/pages\/17900\/revisions"}],"wp:attachment":[{"href":"https:\/\/donne4.it\/es\/wp-json\/wp\/v2\/media?parent=17900"}],"curies":[{"name":"wp","href":"https:\/\/api.w.org\/{rel}","templated":true}]}}