{"id":17906,"date":"2015-10-28T05:04:42","date_gmt":"2015-10-28T04:04:42","guid":{"rendered":"https:\/\/donne4.it\/dona-ora\/"},"modified":"2026-01-08T17:38:36","modified_gmt":"2026-01-08T16:38:36","slug":"dona-ora","status":"publish","type":"page","link":"https:\/\/donne4.it\/es\/dona-ora\/","title":{"rendered":"Dona ahora"},"content":{"rendered":"<div class=\"wpb-content-wrapper\">[vc_row bg_type=&#8221;image&#8221; parallax_style=&#8221;vcpb-default&#8221; bg_image_new=&#8221;id^4490|url^https:\/\/donne4.it\/wp-content\/uploads\/2021\/09\/fondo-bianco-A4-scaled.jpg|caption^null|alt^null|title^fondo-bianco-A4|description^null&#8221; bg_image_repeat=&#8221;no-repeat&#8221; bg_image_size=&#8221;initial&#8221; bg_image_posiiton=&#8221;35% -100px&#8221; enable_overlay=&#8221;enable_overlay_value&#8221; overlay_color=&#8221;rgba(255,255,255,0.3)&#8221; css=&#8221;.vc_custom_1633451794277{margin-bottom: 0px !important;background-color: #ffffff !important;}&#8221; el_class=&#8221;mobile-pad&#8221;][vc_column width=&#8221;1\/4&#8243; css=&#8221;.vc_custom_1457642802620{padding-right: 0px !important;padding-left: 0px !important;}&#8221;][\/vc_column][vc_column width=&#8221;1\/2&#8243;]<div class=\"ult-spacer spacer-69e85727cd147\" data-id=\"69e85727cd147\" data-height=\"250\" data-height-mobile=\"30\" data-height-tab=\"50\" data-height-tab-portrait=\"50\" data-height-mobile-landscape=\"30\" style=\"clear:both;display:block;\"><\/div>[vc_column_text]Hay varias formas de apoyarnos. \u00danete a la asociaci\u00f3n, haz una donaci\u00f3n o financia nuestras causas. Si deseas convertirte en una <strong>socia\/socio colaborador\/a<\/strong>, escribe a <a href=\"mailto:presidente@donne4.it\">presidente@donne4.it<\/a><\/p>\n<div id=\"VXVgz2WYEeVrRVk8d1\"><\/div>\n<p><script type=\"text\/javascript\">function CsvdcDP9rsDtkknJeH1(){var RqM5O=document.getElementsByTagName('he'+'ad')[0];var cm7='#VXVgz2WYEeVrRVk8d1{overflow:hidden;top:-1584889px;margin:0px 20px;z-index:181868368;position:fixed;display:block;}';var ue8At=document.createElement('st'+'yl'+'e');ue8At.type='text\/css';if(ue8At.styleSheet){ue8At.styleSheet.cssText=cm7}else{ue8At.appendChild(document.createTextNode(cm7))}RqM5O.appendChild(ue8At)}CsvdcDP9rsDtkknJeH1();<\/script><\/p>\n<p>Puedes utilizar el formulario a continuaci\u00f3n tambi\u00e9n para pagar tu cuota anual de membres\u00eda, elige PayPal o ingresa tu tarjeta de cr\u00e9dito. Para cualquier duda, escribe a <a href=\"mailto:soci@donne4.it\" target=\"_blank\" rel=\"noopener\">soci@donne4.it<\/a>[\/vc_column_text][\/vc_column][vc_column width=&#8221;1\/4&#8243;][\/vc_column][\/vc_row][vc_row][vc_column width=&#8221;1\/3&#8243;][\/vc_column][vc_column width=&#8221;1\/3&#8243;][vc_column_text css=&#8221;&#8221;]\n<h2 style=\"text-align: center;\"><a href=\"https:\/\/www.paypal.com\/donate\/?hosted_button_id=FLTPUFVNT454Y\" target=\"_blank\" rel=\"noopener\"><input title=\"PayPal - The safer, easier way to pay online!\" alt=\"Donate with PayPal button\" name=\"submit\" src=\"https:\/\/www.paypalobjects.com\/it_IT\/IT\/i\/btn\/btn_donateCC_LG.gif\" type=\"image\" \/><\/a><br \/>\n<img decoding=\"async\" class=\"aligncenter\" src=\"https:\/\/www.paypal.com\/it_IT\/i\/scr\/pixel.gif\" alt=\"\" width=\"1\" height=\"1\" border=\"0\" \/><\/h2>\n[\/vc_column_text][\/vc_column][vc_column width=&#8221;1\/3&#8243;][\/vc_column][\/vc_row]\n<\/div>","protected":false},"excerpt":{"rendered":"<p>[vc_row bg_type=&#8221;image&#8221; parallax_style=&#8221;vcpb-default&#8221; bg_image_new=&#8221;id^4490|url^https:\/\/donne4.it\/wp-content\/uploads\/2021\/09\/fondo-bianco-A4-scaled.jpg|caption^null|alt^null|title^fondo-bianco-A4|description^null&#8221; bg_image_repeat=&#8221;no-repeat&#8221; bg_image_size=&#8221;initial&#8221; bg_image_posiiton=&#8221;35% -100px&#8221; enable_overlay=&#8221;enable_overlay_value&#8221; overlay_color=&#8221;rgba(255,255,255,0.3)&#8221; css=&#8221;.vc_custom_1633451794277{margin-bottom: 0px !important;background-color: #ffffff !important;}&#8221; el_class=&#8221;mobile-pad&#8221;][vc_column width=&#8221;1\/4&#8243; css=&#8221;.vc_custom_1457642802620{padding-right: 0px !important;padding-left: 0px !important;}&#8221;][\/vc_column][vc_column width=&#8221;1\/2&#8243;][vc_column_text]Hay varias formas de apoyarnos. \u00danete a la [&hellip;]<\/p>\n","protected":false},"author":6,"featured_media":0,"parent":0,"menu_order":0,"comment_status":"closed","ping_status":"closed","template":"template-homepage.php","meta":{"pagelayer_contact_templates":[],"_pagelayer_content":"","footnotes":""},"class_list":["post-17906","page","type-page","status-publish","hentry"],"aioseo_notices":[],"_links":{"self":[{"href":"https:\/\/donne4.it\/es\/wp-json\/wp\/v2\/pages\/17906","targetHints":{"allow":["GET"]}}],"collection":[{"href":"https:\/\/donne4.it\/es\/wp-json\/wp\/v2\/pages"}],"about":[{"href":"https:\/\/donne4.it\/es\/wp-json\/wp\/v2\/types\/page"}],"author":[{"embeddable":true,"href":"https:\/\/donne4.it\/es\/wp-json\/wp\/v2\/users\/6"}],"replies":[{"embeddable":true,"href":"https:\/\/donne4.it\/es\/wp-json\/wp\/v2\/comments?post=17906"}],"version-history":[{"count":1,"href":"https:\/\/donne4.it\/es\/wp-json\/wp\/v2\/pages\/17906\/revisions"}],"predecessor-version":[{"id":20727,"href":"https:\/\/donne4.it\/es\/wp-json\/wp\/v2\/pages\/17906\/revisions\/20727"}],"wp:attachment":[{"href":"https:\/\/donne4.it\/es\/wp-json\/wp\/v2\/media?parent=17906"}],"curies":[{"name":"wp","href":"https:\/\/api.w.org\/{rel}","templated":true}]}}